{"id":541,"date":"2025-12-15T18:31:58","date_gmt":"2025-12-15T18:31:58","guid":{"rendered":"https:\/\/lesentitats1.gruporeunion.es\/?page_id=541"},"modified":"2026-01-06T08:00:56","modified_gmt":"2026-01-06T08:00:56","slug":"personvernerklaering","status":"publish","type":"page","link":"https:\/\/lesentitats1.gruporeunion.es\/nb\/politica-de-privacidad\/","title":{"rendered":"Personvernerkl\u00e6ring\u00a0"},"content":{"rendered":"<div data-elementor-type=\"wp-page\" data-elementor-id=\"541\" class=\"elementor elementor-541\" data-elementor-post-type=\"page\">\n\t\t\t\t<div class=\"elementor-element elementor-element-af96a39 section-l-left-right section-l-top-bottom  e-flex e-con-boxed e-con e-parent\" data-id=\"af96a39\" data-element_type=\"container\" data-e-type=\"container\">\n\t\t\t\t\t<div class=\"e-con-inner\">\n\t\t\t\t<div class=\"elementor-element elementor-element-2926558 elementor-widget elementor-widget-heading\" data-id=\"2926558\" data-element_type=\"widget\" data-e-type=\"widget\" data-widget_type=\"heading.default\">\n\t\t\t\t\t<h1 class=\"elementor-heading-title elementor-size-default\">Personvernerkl\u00e6ring\u00a0<\/h1>\t\t\t\t<\/div>\n\t\t\t\t<div class=\"elementor-element elementor-element-d3405ff elementor-widget elementor-widget-text-editor\" data-id=\"d3405ff\" data-element_type=\"widget\" data-e-type=\"widget\" data-widget_type=\"text-editor.default\">\n\t\t\t\t\t\t\t\t\t<p>Personvernerkl\u00e6ring\u00a0<\/p><p>Hos NOVASPACE PROMO, S.L. (heretter kalt \u00abSelskapet\u00bb eller \u00abNOVASPACE PROMO\u00bb) forplikter vi oss til \u00e5 beskytte brukernes personvern og til \u00e5 sikre en transparent, sikker og lovlig behandling av personopplysninger i samsvar med gjeldende personvernlovgivning.<br \/>1. Behandlingsansvarlig<br \/>NOVASPACE PROMO, S.L.<br \/>CIF: B64256399<br \/>Forretningsadresse: C\/ Llull, 240, 4\u00ba 2\u00aa, 08005 Barcelona, Spania<br \/>Kontakt-e-post: info@gruporeunion.es<br \/>2. Form\u00e5l med behandlingen av personopplysninger<br \/>Personopplysninger som brukere gir via skjemaene p\u00e5 dette nettstedet, behandles for f\u00f8lgende form\u00e5l:<br \/>\u2022 \u00e5 behandle henvendelser, foresp\u00f8rsler og meldinger mottatt via nettstedets skjemaer<br \/>\u2022 \u00e5 gi kommersiell informasjon om NOVASPACE PROMO sine eiendomsprosjekter, produkter og tjenester knyttet til b\u00e6rekraftig arkitektur og energieffektive boliger<br \/>\u2022 \u00e5 administrere kontraktsmessige eller prekontraktuelle relasjoner med kunder eller interesserte parter<br \/>\u2022 \u00e5 oppfylle rettslige forpliktelser som p\u00e5hviler Selskapet<br \/>Personopplysningene lagres kun s\u00e5 lenge det er n\u00f8dvendig for \u00e5 oppfylle form\u00e5let de ble samlet inn for, og deretter i samsvar med lovp\u00e5lagte oppbevaringsperioder.<br \/>3. Rettslig grunnlag for behandlingen<br \/>Behandlingen av personopplysninger er basert p\u00e5 ett eller flere av f\u00f8lgende rettslige grunnlag:<br \/>\u2022 brukerens samtykke, gitt ved innsending av skjema eller elektronisk kommunikasjon<br \/>\u2022 n\u00f8dvendigheten av \u00e5 oppfylle en avtale eller gjennomf\u00f8re prekontraktuelle tiltak, dersom henvendelsen gjelder kj\u00f8p av bolig eller andre tjenester tilbudt av NOVASPACE PROMO<br \/>\u2022 oppfyllelse av rettslige forpliktelser i henhold til gjeldende lovgivning<br \/>Brukeren kan n\u00e5r som helst trekke tilbake sitt samtykke. Tilbaketrekking p\u00e5virker ikke lovligheten av behandling som allerede har funnet sted.<br \/>4. Mottakere av personopplysninger<br \/>Personopplysninger utleveres ikke til tredjeparter, med mindre dette er p\u00e5krevd ved lov eller n\u00f8dvendig for korrekt levering av de forespurte tjenestene, for eksempel skattemessige, IT-messige eller finansielle tjenester. I slike tilfeller inng\u00e5s det n\u00f8dvendige avtaler om konfidensialitet og databehandling i samsvar med personvernforordningen (GDPR).<br \/>Det foretas ingen overf\u00f8ring av personopplysninger utenfor Det europeiske \u00f8konomiske samarbeidsomr\u00e5det (E\u00d8S).<br \/>5. Brukerens rettigheter<br \/>Brukeren har til enhver tid rett til \u00e5 ut\u00f8ve f\u00f8lgende rettigheter:<br \/>\u2022 rett til innsyn i egne personopplysninger<br \/>\u2022 rett til retting av uriktige eller ufullstendige opplysninger<br \/>\u2022 rett til sletting av opplysninger (\u00abretten til \u00e5 bli glemt\u00bb) n\u00e5r de ikke lenger er n\u00f8dvendige<br \/>\u2022 rett til \u00e5 protestere mot behandling av personopplysninger<br \/>\u2022 rett til begrensning av behandlingen i lovbestemte tilfeller<br \/>\u2022 rett til dataportabilitet<br \/>For \u00e5 ut\u00f8ve disse rettighetene kan brukeren sende en skriftlig foresp\u00f8rsel, vedlagt kopi av gyldig legitimasjon, til info@gruporeunion.es, eller per post til:<br \/>NOVASPACE PROMO, S.L., C\/ Llull, 240, 4\u00ba 2\u00aa, 08005 Barcelona, Spania<br \/>Brukeren har ogs\u00e5 rett til \u00e5 inngi klage til Agencia Espa\u00f1ola de Protecci\u00f3n de Datos (AEPD) dersom vedkommende mener at personopplysningene er behandlet i strid med regelverket.<br \/>6. Sikkerhetstiltak<br \/>NOVASPACE PROMO iverksetter egnede tekniske og organisatoriske tiltak for \u00e5 sikre konfidensialitet, integritet og tilgjengelighet av personopplysninger, samt for \u00e5 forhindre tap, endring, uautorisert behandling eller uautorisert tilgang, i samsvar med teknologisk utvikling, datatyper og tilh\u00f8rende risiko.<br \/>7. Riktighet av opplysninger<br \/>Brukeren garanterer at de personopplysningene som gis er korrekte, fullstendige og oppdaterte, og forplikter seg til \u00e5 informere Selskapet om eventuelle endringer. NOVASPACE PROMO er ikke ansvarlig for konsekvenser som oppst\u00e5r som f\u00f8lge av uriktige eller mangelfulle opplysninger.<br \/>8. Informasjons- og markedsf\u00f8ringskommunikasjon<br \/>Dersom brukeren har gitt uttrykkelig samtykke, kan NOVASPACE PROMO sende informasjons- og markedsf\u00f8ringskommunikasjon om sine prosjekter, tilbud og nyheter innen b\u00e6rekraftig boligbygging og energieffektivitet.<br \/>Brukeren kan n\u00e5r som helst trekke tilbake samtykket ved \u00e5 benytte avmeldingslenken i hver melding eller ved \u00e5 kontakte info@novaspace.promo.<br \/>9. Mindre\u00e5rige<br \/>NOVASPACE PROMO samler ikke bevisst inn personopplysninger fra personer under 14 \u00e5r. Dersom slike opplysninger oppdages, vil de bli slettet umiddelbart.<br \/>10. Endringer i personvernerkl\u00e6ringen<br \/>NOVASPACE PROMO, S.L. forbeholder seg retten til \u00e5 endre eller oppdatere denne personvernerkl\u00e6ringen for \u00e5 tilpasse den til endringer i lovgivning eller tekniske krav. Den gjeldende versjonen vil til enhver tid v\u00e6re tilgjengelig p\u00e5 dette nettstedet, med angivelse av dato for siste oppdatering.<br \/>NOVASPACE PROMO, S.L.<br \/>Forpliktet til transparens, b\u00e6rekraft og beskyttelse av ditt personvern.<\/p>\t\t\t\t\t\t\t\t<\/div>\n\t\t<div class=\"elementor-element elementor-element-fb2eeed e-con-full e-flex e-con e-child\" data-id=\"fb2eeed\" data-element_type=\"container\" data-e-type=\"container\">\n\t\t\t\t<div class=\"elementor-element elementor-element-a819790 elementor-widget__width-auto elementor-widget elementor-widget-button\" data-id=\"a819790\" data-element_type=\"widget\" data-e-type=\"widget\" data-widget_type=\"button.default\">\n\t\t\t\t\t\t\t\t\t\t<a class=\"elementor-button elementor-button-link elementor-size-sm elementor-animation-grow\" href=\"https:\/\/lesentitats1.gruporeunion.es\/nb\">\n\t\t\t\t\t\t<span class=\"elementor-button-content-wrapper\">\n\t\t\t\t\t\t\t\t\t<span class=\"elementor-button-text\">TILBAKE TIL STARTSIDEN<\/span>\n\t\t\t\t\t<\/span>\n\t\t\t\t\t<\/a>\n\t\t\t\t\t\t\t\t<\/div>\n\t\t\t\t<div class=\"elementor-element elementor-element-c8d9eb3 elementor-widget__width-auto elementor-widget elementor-widget-button\" data-id=\"c8d9eb3\" data-element_type=\"widget\" data-e-type=\"widget\" data-widget_type=\"button.default\">\n\t\t\t\t\t\t\t\t\t\t<a class=\"elementor-button elementor-button-link elementor-size-sm elementor-animation-grow\" href=\"https:\/\/lesentitats1.gruporeunion.es\/nb\/la-quiero-conocer\/\">\n\t\t\t\t\t\t<span class=\"elementor-button-content-wrapper\">\n\t\t\t\t\t\t\t\t\t<span class=\"elementor-button-text\">JEG VIL VITE MER<\/span>\n\t\t\t\t\t<\/span>\n\t\t\t\t\t<\/a>\n\t\t\t\t\t\t\t\t<\/div>\n\t\t\t\t<\/div>\n\t\t\t\t\t<\/div>\n\t\t\t\t<\/div>\n\t\t\t\t<\/div>","protected":false},"excerpt":{"rendered":"<p>Pol\u00edtica\u00a0De Privacidad\u00a0 Pol\u00edtica\u00a0de privacidad\u00a0 En NOVASPACE PROMO, S.L. (en adelante \u201cla Empresa\u201d o \u201cNOVASPACE PROMO\u201d), nos comprometemos a proteger la privacidad de nuestros usuarios y a garantizar un tratamiento transparente y seguro de los datos personales conforme a la legislaci\u00f3n vigente en materia de protecci\u00f3n de datos.1. Responsable del tratamientoNOVASPACE PROMO, S.L.CIF: ESB64256399Domicilio: CL LLULL [&hellip;]<\/p>\n","protected":false},"author":1,"featured_media":0,"parent":0,"menu_order":0,"comment_status":"closed","ping_status":"closed","template":"","meta":[],"class_list":["post-541","page","type-page","status-publish","hentry"],"_links":{"self":[{"href":"https:\/\/lesentitats1.gruporeunion.es\/nb\/wp-json\/wp\/v2\/pages\/541","targetHints":{"allow":["GET"]}}],"collection":[{"href":"https:\/\/lesentitats1.gruporeunion.es\/nb\/wp-json\/wp\/v2\/pages"}],"about":[{"href":"https:\/\/lesentitats1.gruporeunion.es\/nb\/wp-json\/wp\/v2\/types\/page"}],"author":[{"embeddable":true,"href":"https:\/\/lesentitats1.gruporeunion.es\/nb\/wp-json\/wp\/v2\/users\/1"}],"replies":[{"embeddable":true,"href":"https:\/\/lesentitats1.gruporeunion.es\/nb\/wp-json\/wp\/v2\/comments?post=541"}],"version-history":[{"count":0,"href":"https:\/\/lesentitats1.gruporeunion.es\/nb\/wp-json\/wp\/v2\/pages\/541\/revisions"}],"wp:attachment":[{"href":"https:\/\/lesentitats1.gruporeunion.es\/nb\/wp-json\/wp\/v2\/media?parent=541"}],"curies":[{"name":"wp","href":"https:\/\/api.w.org\/{rel}","templated":true}]}}