{"id":541,"date":"2025-12-15T18:31:58","date_gmt":"2025-12-15T18:31:58","guid":{"rendered":"https:\/\/lesentitats1.gruporeunion.es\/?page_id=541"},"modified":"2026-01-06T08:00:56","modified_gmt":"2026-01-06T08:00:56","slug":"privatuma-politika","status":"publish","type":"page","link":"https:\/\/lesentitats1.gruporeunion.es\/lv\/politica-de-privacidad\/","title":{"rendered":"Priv\u0101tuma politika\u00a0"},"content":{"rendered":"<div data-elementor-type=\"wp-page\" data-elementor-id=\"541\" class=\"elementor elementor-541\" data-elementor-post-type=\"page\">\n\t\t\t\t<div class=\"elementor-element elementor-element-af96a39 section-l-left-right section-l-top-bottom  e-flex e-con-boxed e-con e-parent\" data-id=\"af96a39\" data-element_type=\"container\" data-e-type=\"container\">\n\t\t\t\t\t<div class=\"e-con-inner\">\n\t\t\t\t<div class=\"elementor-element elementor-element-2926558 elementor-widget elementor-widget-heading\" data-id=\"2926558\" data-element_type=\"widget\" data-e-type=\"widget\" data-widget_type=\"heading.default\">\n\t\t\t\t\t<h1 class=\"elementor-heading-title elementor-size-default\">Priv\u0101tuma politika\u00a0<\/h1>\t\t\t\t<\/div>\n\t\t\t\t<div class=\"elementor-element elementor-element-d3405ff elementor-widget elementor-widget-text-editor\" data-id=\"d3405ff\" data-element_type=\"widget\" data-e-type=\"widget\" data-widget_type=\"text-editor.default\">\n\t\t\t\t\t\t\t\t\t<p>Priv\u0101tuma politika\u00a0<\/p><p>Uz\u0146\u0113mum\u0101 NOVASPACE PROMO, S.L. (turpm\u0101k \u2014 \u201cUz\u0146\u0113mums\u201d vai \u201cNOVASPACE PROMO\u201d) m\u0113s ap\u0146emamies aizsarg\u0101t lietot\u0101ju priv\u0101tumu un nodro\u0161in\u0101t personas datu p\u0101rredzamu, dro\u0161u un tiesisku apstr\u0101di saska\u0146\u0101 ar sp\u0113k\u0101 eso\u0161ajiem datu aizsardz\u012bbas normat\u012bvajiem aktiem.<br \/>1. Datu p\u0101rzinis<br \/>NOVASPACE PROMO, S.L.<br \/>CIF: B64256399<br \/>Juridisk\u0101 adrese: C\/ Llull, 240, 4\u00ba 2\u00aa, 08005 Barcelona, Sp\u0101nija<br \/>Kontaktpersona e-pasts: info@gruporeunion.es<br \/>2. Personas datu apstr\u0101des m\u0113r\u0137i<br \/>Personas dati, kurus lietot\u0101ji sniedz, izmantojot \u0161\u012bs t\u012bmek\u013ca vietnes veidlapas, tiek apstr\u0101d\u0101ti \u0161\u0101diem m\u0113r\u0137iem:<br \/>\u2022 lietot\u0101ju iesniegto piepras\u012bjumu, inform\u0101cijas piepras\u012bjumu un zi\u0146ojumu apstr\u0101dei;<br \/>\u2022 komerci\u0101las inform\u0101cijas snieg\u0161anai par NOVASPACE PROMO nekustamo \u012bpa\u0161umu projektiem, produktiem un pakalpojumiem, kas saist\u012bti ar ilgtsp\u0113j\u012bgu arhitekt\u016bru un energoefekt\u012bvu m\u0101jok\u013cu b\u016bvniec\u012bbu;<br \/>\u2022 l\u012bgumisko vai pirmsl\u012bgumisko attiec\u012bbu p\u0101rvald\u012bbai ar klientiem vai ieinteres\u0113taj\u0101m person\u0101m;<br \/>\u2022 Uz\u0146\u0113mumam piem\u0113rojamo tiesisko pien\u0101kumu izpildei.<br \/>Personas dati tiek glab\u0101ti tikai tik ilgi, cik tas ir nepiecie\u0161ams min\u0113to m\u0113r\u0137u sasnieg\u0161anai, k\u0101 ar\u012b saska\u0146\u0101 ar normat\u012bvajos aktos noteiktajiem glab\u0101\u0161anas termi\u0146iem.<br \/>3. Datu apstr\u0101des tiesiskais pamats<br \/>Personas datu apstr\u0101de tiek veikta, pamatojoties uz vienu vai vair\u0101kiem no \u0161iem tiesiskajiem pamatiem:<br \/>\u2022 datu subjekta piekri\u0161anu, kas sniegta, iesniedzot veidlapu vai nos\u016btot elektronisku zi\u0146ojumu;<br \/>\u2022 l\u012bguma izpildi vai pirmsl\u012bgumisko pas\u0101kumu veik\u0161anu, ja piepras\u012bjums ir saist\u012bts ar dz\u012bvojam\u0101 \u012bpa\u0161uma ieg\u0101di vai citiem NOVASPACE PROMO sniegtajiem pakalpojumiem;<br \/>\u2022 Uz\u0146\u0113mumam piem\u0113rojamo tiesisko pien\u0101kumu izpildi.<br \/>Lietot\u0101jam ir ties\u012bbas jebkur\u0101 laik\u0101 atsaukt savu piekri\u0161anu. Piekri\u0161anas atsauk\u0161ana neietekm\u0113 apstr\u0101des likum\u012bbu, kas veikta pirms atsauk\u0161anas.<br \/>4. Personas datu sa\u0146\u0113m\u0113ji<br \/>Personas dati netiek nodoti tre\u0161aj\u0101m person\u0101m, iz\u0146emot gad\u012bjumus, kad to nosaka ties\u012bbu akti vai ja tas ir nepiecie\u0161ams piepras\u012bto pakalpojumu nodro\u0161in\u0101\u0161anai, piem\u0113ram, nodok\u013cu, IT vai finan\u0161u pakalpojumu sniedz\u0113jiem, ar kuriem ir nosl\u0113gti atbilsto\u0161i konfidencialit\u0101tes un datu apstr\u0101des l\u012bgumi saska\u0146\u0101 ar Visp\u0101r\u012bgo datu aizsardz\u012bbas regulu (VDAR).<br \/>Personas datu nodo\u0161ana \u0101rpus Eiropas Ekonomikas zonas netiek veikta.<br \/>5. Datu subjektu ties\u012bbas<br \/>Lietot\u0101jiem ir ties\u012bbas jebkur\u0101 laik\u0101 izmantot \u0161\u0101das ties\u012bbas:<br \/>\u2022 ties\u012bbas piek\u013c\u016bt saviem personas datiem;<br \/>\u2022 ties\u012bbas labot neprec\u012bzus vai nepiln\u012bgus datus;<br \/>\u2022 ties\u012bbas dz\u0113st personas datus (\u201cties\u012bbas tikt aizmirstam\u201d), ja tie vairs nav nepiecie\u0161ami;<br \/>\u2022 ties\u012bbas iebilst pret personas datu apstr\u0101di;<br \/>\u2022 ties\u012bbas ierobe\u017eot apstr\u0101di normat\u012bvajos aktos paredz\u0113tajos gad\u012bjumos;<br \/>\u2022 ties\u012bbas uz datu p\u0101rnesam\u012bbu.<br \/>Lai izmantotu \u0161\u012bs ties\u012bbas, lietot\u0101js var iesniegt rakstisku piepras\u012bjumu, pievienojot personu apliecino\u0161a dokumenta kopiju, uz e-pasta adresi info@gruporeunion.es, vai nos\u016btot to pa pastu uz adresi:<br \/>NOVASPACE PROMO, S.L.,  C\/ Llull, 240, 4\u00ba 2\u00aa, 08005 Barcelona, Sp\u0101nija<br \/>T\u0101pat lietot\u0101jam ir ties\u012bbas iesniegt s\u016bdz\u012bbu Sp\u0101nijas Datu aizsardz\u012bbas a\u0123ent\u016br\u0101 (AEPD), ja vi\u0146\u0161 uzskata, ka ir p\u0101rk\u0101ptas vi\u0146a personas datu aizsardz\u012bbas ties\u012bbas.<br \/>6. Dro\u0161\u012bbas pas\u0101kumi<br \/>NOVASPACE PROMO \u012bsteno atbilsto\u0161us tehniskos un organizatoriskos pas\u0101kumus, lai nodro\u0161in\u0101tu personas datu konfidencialit\u0101ti, integrit\u0101ti un pieejam\u012bbu, k\u0101 ar\u012b lai nov\u0113rstu to nozaud\u0113\u0161anu, izmain\u012b\u0161anu, neat\u013cautu apstr\u0101di vai piek\u013cuvi, \u0146emot v\u0113r\u0101 tehnolo\u0123iju att\u012bst\u012bbas l\u012bmeni, apstr\u0101d\u0101jamo datu raksturu un saist\u012btos riskus.<br \/>7. Datu pareiz\u012bba<br \/>Lietot\u0101js apliecina, ka sniegtie personas dati ir patiesi, prec\u012bzi un aktu\u0101li, un ap\u0146emas nekav\u0113joties inform\u0113t Uz\u0146\u0113mumu par jebkur\u0101m izmai\u0146\u0101m. NOVASPACE PROMO neuz\u0146emas atbild\u012bbu par sek\u0101m, kas radu\u0161\u0101s neprec\u012bzas vai nepiln\u012bgas inform\u0101cijas snieg\u0161anas d\u0113\u013c.<br \/>8. Inform\u0101cijas un komerci\u0101lie pazi\u0146ojumi<br \/>Ja lietot\u0101js ir devis nep\u0101rprotamu piekri\u0161anu, NOVASPACE PROMO var nos\u016bt\u012bt informat\u012bvus un komerci\u0101lus pazi\u0146ojumus par saviem projektiem, pied\u0101v\u0101jumiem un jaunumiem ilgtsp\u0113j\u012bgas b\u016bvniec\u012bbas un energoefekt\u012bvu m\u0101jok\u013cu jom\u0101.<br \/>Lietot\u0101js var jebkur\u0101 laik\u0101 atteikties no \u0161\u0101du pazi\u0146ojumu sa\u0146em\u0161anas, izmantojot atteik\u0161an\u0101s saiti katr\u0101 pazi\u0146ojum\u0101 vai sazinoties pa e-pastu info@novaspace.promo.<br \/>9. Nepilngad\u012bgie<br \/>NOVASPACE PROMO apzin\u0101ti nev\u0101c personas datus no person\u0101m, kas jaun\u0101kas par 14 gadiem. Ja \u0161\u0101di dati tiek konstat\u0113ti, tie tiks nekav\u0113joties dz\u0113sti.<br \/>10. Izmai\u0146as priv\u0101tuma politik\u0101<br \/>NOVASPACE PROMO, S.L. patur ties\u012bbas jebkur\u0101 laik\u0101 groz\u012bt vai atjaunin\u0101t \u0161o Priv\u0101tuma politiku, lai to piel\u0101gotu normat\u012bvo aktu vai tehnisko pras\u012bbu izmai\u0146\u0101m. Sp\u0113k\u0101 eso\u0161\u0101 versija vienm\u0113r b\u016bs pieejama \u0161aj\u0101 t\u012bmek\u013ca vietn\u0113, nor\u0101dot p\u0113d\u0113j\u0101s atjaunin\u0101\u0161anas datumu.<br \/>NOVASPACE PROMO, S.L.<br \/>Ap\u0146\u0113musies iev\u0113rot p\u0101rredzam\u012bbas, ilgtsp\u0113jas un atbild\u012bgas attieksmes pret j\u016bsu priv\u0101tumu principus.<\/p>\t\t\t\t\t\t\t\t<\/div>\n\t\t<div class=\"elementor-element elementor-element-fb2eeed e-con-full e-flex e-con e-child\" data-id=\"fb2eeed\" data-element_type=\"container\" data-e-type=\"container\">\n\t\t\t\t<div class=\"elementor-element elementor-element-a819790 elementor-widget__width-auto elementor-widget elementor-widget-button\" data-id=\"a819790\" data-element_type=\"widget\" data-e-type=\"widget\" data-widget_type=\"button.default\">\n\t\t\t\t\t\t\t\t\t\t<a class=\"elementor-button elementor-button-link elementor-size-sm elementor-animation-grow\" href=\"https:\/\/lesentitats1.gruporeunion.es\/lv\">\n\t\t\t\t\t\t<span class=\"elementor-button-content-wrapper\">\n\t\t\t\t\t\t\t\t\t<span class=\"elementor-button-text\">ATGRIEZTIES UZ S\u0100KUMLAPU<\/span>\n\t\t\t\t\t<\/span>\n\t\t\t\t\t<\/a>\n\t\t\t\t\t\t\t\t<\/div>\n\t\t\t\t<div class=\"elementor-element elementor-element-c8d9eb3 elementor-widget__width-auto elementor-widget elementor-widget-button\" data-id=\"c8d9eb3\" data-element_type=\"widget\" data-e-type=\"widget\" data-widget_type=\"button.default\">\n\t\t\t\t\t\t\t\t\t\t<a class=\"elementor-button elementor-button-link elementor-size-sm elementor-animation-grow\" href=\"https:\/\/lesentitats1.gruporeunion.es\/lv\/la-quiero-conocer\/\">\n\t\t\t\t\t\t<span class=\"elementor-button-content-wrapper\">\n\t\t\t\t\t\t\t\t\t<span class=\"elementor-button-text\">V\u0112LOS UZZIN\u0100T VAIR\u0100K<\/span>\n\t\t\t\t\t<\/span>\n\t\t\t\t\t<\/a>\n\t\t\t\t\t\t\t\t<\/div>\n\t\t\t\t<\/div>\n\t\t\t\t\t<\/div>\n\t\t\t\t<\/div>\n\t\t\t\t<\/div>","protected":false},"excerpt":{"rendered":"<p>Pol\u00edtica\u00a0De Privacidad\u00a0 Pol\u00edtica\u00a0de privacidad\u00a0 En NOVASPACE PROMO, S.L. (en adelante \u201cla Empresa\u201d o \u201cNOVASPACE PROMO\u201d), nos comprometemos a proteger la privacidad de nuestros usuarios y a garantizar un tratamiento transparente y seguro de los datos personales conforme a la legislaci\u00f3n vigente en materia de protecci\u00f3n de datos.1. Responsable del tratamientoNOVASPACE PROMO, S.L.CIF: ESB64256399Domicilio: CL LLULL [&hellip;]<\/p>\n","protected":false},"author":1,"featured_media":0,"parent":0,"menu_order":0,"comment_status":"closed","ping_status":"closed","template":"","meta":[],"class_list":["post-541","page","type-page","status-publish","hentry"],"_links":{"self":[{"href":"https:\/\/lesentitats1.gruporeunion.es\/lv\/wp-json\/wp\/v2\/pages\/541","targetHints":{"allow":["GET"]}}],"collection":[{"href":"https:\/\/lesentitats1.gruporeunion.es\/lv\/wp-json\/wp\/v2\/pages"}],"about":[{"href":"https:\/\/lesentitats1.gruporeunion.es\/lv\/wp-json\/wp\/v2\/types\/page"}],"author":[{"embeddable":true,"href":"https:\/\/lesentitats1.gruporeunion.es\/lv\/wp-json\/wp\/v2\/users\/1"}],"replies":[{"embeddable":true,"href":"https:\/\/lesentitats1.gruporeunion.es\/lv\/wp-json\/wp\/v2\/comments?post=541"}],"version-history":[{"count":0,"href":"https:\/\/lesentitats1.gruporeunion.es\/lv\/wp-json\/wp\/v2\/pages\/541\/revisions"}],"wp:attachment":[{"href":"https:\/\/lesentitats1.gruporeunion.es\/lv\/wp-json\/wp\/v2\/media?parent=541"}],"curies":[{"name":"wp","href":"https:\/\/api.w.org\/{rel}","templated":true}]}}