{"id":541,"date":"2025-12-15T18:31:58","date_gmt":"2025-12-15T18:31:58","guid":{"rendered":"https:\/\/lesentitats1.gruporeunion.es\/?page_id=541"},"modified":"2026-01-06T08:00:56","modified_gmt":"2026-01-06T08:00:56","slug":"politica-sulla-privacy","status":"publish","type":"page","link":"https:\/\/lesentitats1.gruporeunion.es\/it\/politica-de-privacidad\/","title":{"rendered":"Informativa sulla privacy\u00a0"},"content":{"rendered":"<div data-elementor-type=\"wp-page\" data-elementor-id=\"541\" class=\"elementor elementor-541\" data-elementor-post-type=\"page\">\n\t\t\t\t<div class=\"elementor-element elementor-element-af96a39 section-l-left-right section-l-top-bottom  e-flex e-con-boxed e-con e-parent\" data-id=\"af96a39\" data-element_type=\"container\" data-e-type=\"container\">\n\t\t\t\t\t<div class=\"e-con-inner\">\n\t\t\t\t<div class=\"elementor-element elementor-element-2926558 elementor-widget elementor-widget-heading\" data-id=\"2926558\" data-element_type=\"widget\" data-e-type=\"widget\" data-widget_type=\"heading.default\">\n\t\t\t\t\t<h1 class=\"elementor-heading-title elementor-size-default\">Informativa sulla privacy\u00a0<\/h1>\t\t\t\t<\/div>\n\t\t\t\t<div class=\"elementor-element elementor-element-d3405ff elementor-widget elementor-widget-text-editor\" data-id=\"d3405ff\" data-element_type=\"widget\" data-e-type=\"widget\" data-widget_type=\"text-editor.default\">\n\t\t\t\t\t\t\t\t\t<p>Informativa sulla privacy\u00a0<\/p><p>Presso NOVASPACE PROMO, S.L. (di seguito, la \u201cSociet\u00e0\u201d o \u201cNOVASPACE PROMO\u201d), ci impegniamo a tutelare la privacy degli utenti e a garantire un trattamento dei dati personali trasparente, sicuro e conforme alla normativa vigente in materia di protezione dei dati.<br \/>1. Titolare del trattamento<br \/>NOVASPACE PROMO, S.L.<br \/>CIF: B64256399<br \/>Sede legale: C\/ Llull, 240, 4\u00ba 2\u00aa, 08005 Barcellona, Spagna<br \/>Indirizzo e-mail di contatto: info@gruporeunion.es<br \/>2. Finalit\u00e0 del trattamento dei dati<br \/>I dati personali forniti dagli utenti tramite i moduli presenti su questo sito web saranno trattati per le seguenti finalit\u00e0:<br \/>\u2022 Gestire richieste di informazioni, contatti o comunicazioni ricevute tramite i moduli del sito web.<br \/>\u2022 Fornire informazioni commerciali sui progetti immobiliari, prodotti e servizi di NOVASPACE PROMO relativi all\u2019architettura sostenibile e all\u2019efficienza energetica.<br \/>\u2022 Gestire rapporti contrattuali o precontrattuali con clienti o soggetti interessati.<br \/>\u2022 Adempiere agli obblighi legali applicabili alla Societ\u00e0.<br \/>I dati personali saranno conservati per il tempo necessario al raggiungimento delle finalit\u00e0 per cui sono stati raccolti e, ove applicabile, per i termini previsti dalla normativa vigente.<br \/>3. Base giuridica del trattamento<br \/>Il trattamento dei dati personali si fonda su una o pi\u00f9 delle seguenti basi giuridiche:<br \/>\u2022 Il consenso dell\u2019interessato, prestato mediante l\u2019invio di un modulo o di una comunicazione elettronica.<br \/>\u2022 L\u2019esecuzione di un contratto o l\u2019adozione di misure precontrattuali, qualora la richiesta sia connessa all\u2019acquisto di un\u2019unit\u00e0 abitativa o ad altri servizi offerti da NOVASPACE PROMO.<br \/>\u2022 L\u2019adempimento di obblighi legali cui la Societ\u00e0 \u00e8 soggetta.<br \/>L\u2019interessato pu\u00f2 revocare il proprio consenso in qualsiasi momento. La revoca non pregiudica la liceit\u00e0 del trattamento effettuato prima della revoca stessa.<br \/>4. Destinatari dei dati<br \/>I dati personali non saranno comunicati a terzi, salvo nei casi previsti dalla legge o qualora ci\u00f2 sia necessario per la corretta erogazione dei servizi richiesti, quali servizi fiscali, informatici o finanziari, con i quali NOVASPACE PROMO ha stipulato appositi accordi di riservatezza e di trattamento dei dati in conformit\u00e0 al Regolamento Generale sulla Protezione dei Dati (GDPR).<br \/>Non sono previsti trasferimenti internazionali di dati personali al di fuori dello Spazio Economico Europeo.<br \/>5. Diritti degli interessati<br \/>Gli utenti possono esercitare in qualsiasi momento i seguenti diritti in relazione ai propri dati personali:<br \/>\u2022 Diritto di accesso ai dati personali.<br \/>\u2022 Diritto di rettifica dei dati inesatti o incompleti.<br \/>\u2022 Diritto alla cancellazione dei dati (\u201cdiritto all\u2019oblio\u201d) quando non siano pi\u00f9 necessari.<br \/>\u2022 Diritto di opposizione al trattamento dei dati personali.<br \/>\u2022 Diritto alla limitazione del trattamento nei casi previsti dalla normativa applicabile.<br \/>\u2022 Diritto alla portabilit\u00e0 dei dati.<br \/>Per esercitare tali diritti, l\u2019interessato pu\u00f2 inviare una richiesta scritta, corredata da copia di un documento di identit\u00e0, all\u2019indirizzo e-mail info@gruporeunion.es, oppure per posta all\u2019indirizzo:<br \/>NOVASPACE PROMO, S.L.,  C\/ Llull, 240, 4\u00ba 2\u00aa,  08005 Barcellona, Spagna<br \/>L\u2019interessato ha inoltre il diritto di presentare reclamo all\u2019Agenzia Spagnola per la Protezione dei Dati (AEPD) qualora ritenga che i propri diritti in materia di protezione dei dati siano stati violati.<br \/>6. Misure di sicurezza<br \/>NOVASPACE PROMO adotta misure tecniche e organizzative adeguate per garantire la riservatezza, l\u2019integrit\u00e0 e la disponibilit\u00e0 dei dati personali, nonch\u00e9 per prevenire la perdita, l\u2019alterazione, il trattamento illecito o l\u2019accesso non autorizzato, tenendo conto dello stato dell\u2019arte, della natura dei dati trattati e dei rischi connessi.<br \/>7. Esattezza dei dati<br \/>Gli utenti garantiscono che i dati personali forniti sono esatti, completi e aggiornati e si impegnano a comunicare tempestivamente eventuali modifiche. NOVASPACE PROMO non potr\u00e0 essere ritenuta responsabile per eventuali danni derivanti da informazioni inesatte, incomplete o non veritiere.<br \/>8. Comunicazioni commerciali<br \/>Qualora l\u2019utente abbia prestato il proprio consenso espresso, NOVASPACE PROMO potr\u00e0 inviare comunicazioni informative e commerciali relative ai propri progetti, promozioni e novit\u00e0 nel settore dell\u2019edilizia sostenibile e dell\u2019efficienza energetica.<br \/>L\u2019utente pu\u00f2 revocare il consenso in qualsiasi momento utilizzando il link di disiscrizione presente in ciascuna comunicazione o inviando una richiesta a info@novaspace.promo.<br \/>9. Minori<br \/>NOVASPACE PROMO non raccoglie intenzionalmente dati personali di soggetti di et\u00e0 inferiore a 14 anni. Qualora tali dati venissero rilevati, saranno cancellati immediatamente.<br \/>10. Modifiche all\u2019informativa sulla privacy<br \/>NOVASPACE PROMO, S.L. si riserva il diritto di modificare o aggiornare la presente Informativa sulla privacy al fine di adeguarla a cambiamenti normativi o tecnici. La versione aggiornata sar\u00e0 pubblicata su questo sito web con l\u2019indicazione della data di ultimo aggiornamento.<br \/>NOVASPACE PROMO, S.L.<br \/>Impegnata nella trasparenza, nella sostenibilit\u00e0 e nella tutela della vostra privacy.<\/p>\t\t\t\t\t\t\t\t<\/div>\n\t\t<div class=\"elementor-element elementor-element-fb2eeed e-con-full e-flex e-con e-child\" data-id=\"fb2eeed\" data-element_type=\"container\" data-e-type=\"container\">\n\t\t\t\t<div class=\"elementor-element elementor-element-a819790 elementor-widget__width-auto elementor-widget elementor-widget-button\" data-id=\"a819790\" data-element_type=\"widget\" data-e-type=\"widget\" data-widget_type=\"button.default\">\n\t\t\t\t\t\t\t\t\t\t<a class=\"elementor-button elementor-button-link elementor-size-sm elementor-animation-grow\" href=\"https:\/\/lesentitats1.gruporeunion.es\/it\">\n\t\t\t\t\t\t<span class=\"elementor-button-content-wrapper\">\n\t\t\t\t\t\t\t\t\t<span class=\"elementor-button-text\">TERUG NAAR DE STARTPAGINA<\/span>\n\t\t\t\t\t<\/span>\n\t\t\t\t\t<\/a>\n\t\t\t\t\t\t\t\t<\/div>\n\t\t\t\t<div class=\"elementor-element elementor-element-c8d9eb3 elementor-widget__width-auto elementor-widget elementor-widget-button\" data-id=\"c8d9eb3\" data-element_type=\"widget\" data-e-type=\"widget\" data-widget_type=\"button.default\">\n\t\t\t\t\t\t\t\t\t\t<a class=\"elementor-button elementor-button-link elementor-size-sm elementor-animation-grow\" href=\"https:\/\/lesentitats1.gruporeunion.es\/it\/la-quiero-conocer\/\">\n\t\t\t\t\t\t<span class=\"elementor-button-content-wrapper\">\n\t\t\t\t\t\t\t\t\t<span class=\"elementor-button-text\">DESIDERO CONOSCERLA<\/span>\n\t\t\t\t\t<\/span>\n\t\t\t\t\t<\/a>\n\t\t\t\t\t\t\t\t<\/div>\n\t\t\t\t<\/div>\n\t\t\t\t\t<\/div>\n\t\t\t\t<\/div>\n\t\t\t\t<\/div>","protected":false},"excerpt":{"rendered":"<p>Pol\u00edtica\u00a0De Privacidad\u00a0 Pol\u00edtica\u00a0de privacidad\u00a0 En NOVASPACE PROMO, S.L. (en adelante \u201cla Empresa\u201d o \u201cNOVASPACE PROMO\u201d), nos comprometemos a proteger la privacidad de nuestros usuarios y a garantizar un tratamiento transparente y seguro de los datos personales conforme a la legislaci\u00f3n vigente en materia de protecci\u00f3n de datos.1. Responsable del tratamientoNOVASPACE PROMO, S.L.CIF: ESB64256399Domicilio: CL LLULL [&hellip;]<\/p>\n","protected":false},"author":1,"featured_media":0,"parent":0,"menu_order":0,"comment_status":"closed","ping_status":"closed","template":"","meta":[],"class_list":["post-541","page","type-page","status-publish","hentry"],"_links":{"self":[{"href":"https:\/\/lesentitats1.gruporeunion.es\/it\/wp-json\/wp\/v2\/pages\/541","targetHints":{"allow":["GET"]}}],"collection":[{"href":"https:\/\/lesentitats1.gruporeunion.es\/it\/wp-json\/wp\/v2\/pages"}],"about":[{"href":"https:\/\/lesentitats1.gruporeunion.es\/it\/wp-json\/wp\/v2\/types\/page"}],"author":[{"embeddable":true,"href":"https:\/\/lesentitats1.gruporeunion.es\/it\/wp-json\/wp\/v2\/users\/1"}],"replies":[{"embeddable":true,"href":"https:\/\/lesentitats1.gruporeunion.es\/it\/wp-json\/wp\/v2\/comments?post=541"}],"version-history":[{"count":0,"href":"https:\/\/lesentitats1.gruporeunion.es\/it\/wp-json\/wp\/v2\/pages\/541\/revisions"}],"wp:attachment":[{"href":"https:\/\/lesentitats1.gruporeunion.es\/it\/wp-json\/wp\/v2\/media?parent=541"}],"curies":[{"name":"wp","href":"https:\/\/api.w.org\/{rel}","templated":true}]}}