{"id":541,"date":"2025-12-15T18:31:58","date_gmt":"2025-12-15T18:31:58","guid":{"rendered":"https:\/\/lesentitats1.gruporeunion.es\/?page_id=541"},"modified":"2026-01-06T08:00:56","modified_gmt":"2026-01-06T08:00:56","slug":"datenschutzerklaerung","status":"publish","type":"page","link":"https:\/\/lesentitats1.gruporeunion.es\/de\/politica-de-privacidad\/","title":{"rendered":"Datenschutzerkl\u00e4rung\u00a0"},"content":{"rendered":"<div data-elementor-type=\"wp-page\" data-elementor-id=\"541\" class=\"elementor elementor-541\" data-elementor-post-type=\"page\">\n\t\t\t\t<div class=\"elementor-element elementor-element-af96a39 section-l-left-right section-l-top-bottom  e-flex e-con-boxed e-con e-parent\" data-id=\"af96a39\" data-element_type=\"container\" data-e-type=\"container\">\n\t\t\t\t\t<div class=\"e-con-inner\">\n\t\t\t\t<div class=\"elementor-element elementor-element-2926558 elementor-widget elementor-widget-heading\" data-id=\"2926558\" data-element_type=\"widget\" data-e-type=\"widget\" data-widget_type=\"heading.default\">\n\t\t\t\t\t<h1 class=\"elementor-heading-title elementor-size-default\">Datenschutzerkl\u00e4rung\u00a0<\/h1>\t\t\t\t<\/div>\n\t\t\t\t<div class=\"elementor-element elementor-element-d3405ff elementor-widget elementor-widget-text-editor\" data-id=\"d3405ff\" data-element_type=\"widget\" data-e-type=\"widget\" data-widget_type=\"text-editor.default\">\n\t\t\t\t\t\t\t\t\t<p>Datenschutzerkl\u00e4rung\u00a0<\/p><p>Bei NOVASPACE PROMO, S.L. (nachfolgend das \u201eUnternehmen\u201c oder \u201eNOVASPACE PROMO\u201c) verpflichten wir uns, die Privatsph\u00e4re der Nutzer zu sch\u00fctzen und eine transparente, sichere und rechtm\u00e4\u00dfige Verarbeitung personenbezogener Daten gem\u00e4\u00df den geltenden Datenschutzvorschriften zu gew\u00e4hrleisten.<br \/>1. Verantwortlicher<br \/>NOVASPACE PROMO, S.L.<br \/>Steuernummer (CIF): B64256399<br \/>Sitz: C\/ Llull, 240, 4\u00ba 2\u00aa, 08005 Barcelona, Spanien<br \/>Kontakt-E-Mail: info@gruporeunion.es<br \/>2. Zweck der Datenverarbeitung<br \/>Die \u00fcber die Formulare dieser Website bereitgestellten personenbezogenen Daten werden zu folgenden Zwecken verarbeitet:<br \/>\u2022 Bearbeitung von Anfragen, Informationsersuchen oder Mitteilungen, die \u00fcber die Webformulare eingehen.<br \/>\u2022 Bereitstellung kommerzieller Informationen \u00fcber Immobilienprojekte, Produkte und Dienstleistungen von NOVASPACE PROMO im Bereich nachhaltige Architektur und energieeffizientes Wohnen.<br \/>\u2022 Verwaltung vertraglicher oder vorvertraglicher Beziehungen mit Kunden oder Interessenten.<br \/>\u2022 Erf\u00fcllung gesetzlicher Verpflichtungen, die f\u00fcr das Unternehmen gelten.<br \/>Die personenbezogenen Daten werden so lange gespeichert, wie es zur Erf\u00fcllung des Zwecks erforderlich ist, f\u00fcr den sie erhoben wurden, und gegebenenfalls innerhalb der gesetzlich vorgeschriebenen Aufbewahrungsfristen.<br \/>3. Rechtsgrundlage der Verarbeitung<br \/>Die Verarbeitung personenbezogener Daten erfolgt auf einer oder mehreren der folgenden Rechtsgrundlagen:<br \/>\u2022 Einwilligung der betroffenen Person durch Absenden eines Formulars oder einer elektronischen Mitteilung.<br \/>\u2022 Erf\u00fcllung eines Vertrags oder Durchf\u00fchrung vorvertraglicher Ma\u00dfnahmen, sofern die Anfrage mit dem Erwerb einer Wohnimmobilie oder anderen von NOVASPACE PROMO angebotenen Dienstleistungen zusammenh\u00e4ngt.<br \/>\u2022 Erf\u00fcllung gesetzlicher Verpflichtungen, denen das Unternehmen unterliegt.<br \/>Die betroffene Person kann ihre Einwilligung jederzeit widerrufen. Der Widerruf ber\u00fchrt nicht die Rechtm\u00e4\u00dfigkeit der Verarbeitung, die vor dem Widerruf erfolgt ist.<br \/>4. Empf\u00e4nger der Daten<br \/>Personenbezogene Daten werden nicht an Dritte weitergegeben, es sei denn, dies ist gesetzlich vorgeschrieben oder f\u00fcr die ordnungsgem\u00e4\u00dfe Erbringung der angeforderten Dienstleistungen erforderlich, beispielsweise an Steuerberater, IT-Dienstleister oder Finanzinstitute, mit denen entsprechende Vertraulichkeits- und Auftragsverarbeitungsvertr\u00e4ge gem\u00e4\u00df der Datenschutz-Grundverordnung (DSGVO) abgeschlossen wurden.<br \/>Es erfolgen keine internationalen Daten\u00fcbermittlungen au\u00dferhalb des Europ\u00e4ischen Wirtschaftsraums.<br \/>5. Rechte der betroffenen Personen<br \/>Die Nutzer k\u00f6nnen jederzeit folgende Rechte in Bezug auf ihre personenbezogenen Daten aus\u00fcben:<br \/>\u2022 Recht auf Auskunft \u00fcber die personenbezogenen Daten.<br \/>\u2022 Recht auf Berichtigung unrichtiger oder unvollst\u00e4ndiger Daten.<br \/>\u2022 Recht auf L\u00f6schung der Daten (\u201eRecht auf Vergessenwerden\u201c), wenn diese nicht mehr erforderlich sind.<br \/>\u2022 Recht auf Widerspruch gegen die Verarbeitung personenbezogener Daten.<br \/>\u2022 Recht auf Einschr\u00e4nkung der Verarbeitung in den gesetzlich vorgesehenen F\u00e4llen.<br \/>\u2022 Recht auf Daten\u00fcbertragbarkeit.<br \/>Zur Aus\u00fcbung dieser Rechte kann die betroffene Person einen schriftlichen Antrag zusammen mit einer Kopie eines Identit\u00e4tsdokuments an info@gruporeunion.es senden oder per Post an:<br \/>NOVASPACE PROMO, S.L.,  C\/ Llull, 240, 4\u00ba 2\u00aa,  08005 Barcelona, Spanien<br \/>Dar\u00fcber hinaus hat die betroffene Person das Recht, eine Beschwerde bei der Spanischen Datenschutzbeh\u00f6rde (AEPD) einzureichen, wenn sie der Ansicht ist, dass ihre Datenschutzrechte verletzt wurden.<br \/>6. Sicherheitsma\u00dfnahmen<br \/>NOVASPACE PROMO ergreift geeignete technische und organisatorische Ma\u00dfnahmen, um die Vertraulichkeit, Integrit\u00e4t und Verf\u00fcgbarkeit personenbezogener Daten zu gew\u00e4hrleisten und deren Verlust, Ver\u00e4nderung, unbefugte Verarbeitung oder unbefugten Zugriff zu verhindern, unter Ber\u00fccksichtigung des Stands der Technik, der Art der verarbeiteten Daten und der damit verbundenen Risiken.<br \/>7. Richtigkeit der Daten<br \/>Die Nutzer gew\u00e4hrleisten, dass die bereitgestellten personenbezogenen Daten richtig, vollst\u00e4ndig und aktuell sind, und verpflichten sich, \u00c4nderungen unverz\u00fcglich mitzuteilen. NOVASPACE PROMO haftet nicht f\u00fcr Sch\u00e4den, die aus unrichtigen, falschen oder unvollst\u00e4ndigen Angaben entstehen.<br \/>8. Kommerzielle Mitteilungen<br \/>Sofern die Nutzer ihre ausdr\u00fcckliche Einwilligung erteilt haben, kann NOVASPACE PROMO informative und kommerzielle Mitteilungen zu ihren Projekten, Aktionen und Neuigkeiten im Bereich nachhaltiges Wohnen und Energieeffizienz versenden.<br \/>Die Einwilligung kann jederzeit widerrufen werden, entweder \u00fcber den in jeder Mitteilung enthaltenen Abmeldelink oder durch eine Mitteilung an info@novaspace.promo.<br \/>9. Minderj\u00e4hrige<br \/>NOVASPACE PROMO erhebt nicht absichtlich personenbezogene Daten von Personen unter 14 Jahren. Werden solche Daten festgestellt, werden sie unverz\u00fcglich gel\u00f6scht.<br \/>10. \u00c4nderungen der Datenschutzerkl\u00e4rung<br \/>NOVASPACE PROMO, S.L. beh\u00e4lt sich das Recht vor, diese Datenschutzerkl\u00e4rung zu \u00e4ndern oder zu aktualisieren, um sie an gesetzliche oder technische Entwicklungen anzupassen. Die jeweils g\u00fcltige Version wird auf dieser Website mit Angabe des letzten Aktualisierungsdatums ver\u00f6ffentlicht.<br \/>NOVASPACE PROMO, S.L.<br \/>Verpflichtet zu Transparenz, Nachhaltigkeit und dem Schutz Ihrer Privatsph\u00e4re.<\/p>\t\t\t\t\t\t\t\t<\/div>\n\t\t<div class=\"elementor-element elementor-element-fb2eeed e-con-full e-flex e-con e-child\" data-id=\"fb2eeed\" data-element_type=\"container\" data-e-type=\"container\">\n\t\t\t\t<div class=\"elementor-element elementor-element-a819790 elementor-widget__width-auto elementor-widget elementor-widget-button\" data-id=\"a819790\" data-element_type=\"widget\" data-e-type=\"widget\" data-widget_type=\"button.default\">\n\t\t\t\t\t\t\t\t\t\t<a class=\"elementor-button elementor-button-link elementor-size-sm elementor-animation-grow\" href=\"https:\/\/lesentitats1.gruporeunion.es\/de\">\n\t\t\t\t\t\t<span class=\"elementor-button-content-wrapper\">\n\t\t\t\t\t\t\t\t\t<span class=\"elementor-button-text\">ZUR STARTSEITE ZUR\u00dcCK<\/span>\n\t\t\t\t\t<\/span>\n\t\t\t\t\t<\/a>\n\t\t\t\t\t\t\t\t<\/div>\n\t\t\t\t<div class=\"elementor-element elementor-element-c8d9eb3 elementor-widget__width-auto elementor-widget elementor-widget-button\" data-id=\"c8d9eb3\" data-element_type=\"widget\" data-e-type=\"widget\" data-widget_type=\"button.default\">\n\t\t\t\t\t\t\t\t\t\t<a class=\"elementor-button elementor-button-link elementor-size-sm elementor-animation-grow\" href=\"https:\/\/lesentitats1.gruporeunion.es\/de\/la-quiero-conocer\/\">\n\t\t\t\t\t\t<span class=\"elementor-button-content-wrapper\">\n\t\t\t\t\t\t\t\t\t<span class=\"elementor-button-text\">MEHR ERFAHREN<\/span>\n\t\t\t\t\t<\/span>\n\t\t\t\t\t<\/a>\n\t\t\t\t\t\t\t\t<\/div>\n\t\t\t\t<\/div>\n\t\t\t\t\t<\/div>\n\t\t\t\t<\/div>\n\t\t\t\t<\/div>","protected":false},"excerpt":{"rendered":"<p>Pol\u00edtica\u00a0De Privacidad\u00a0 Pol\u00edtica\u00a0de privacidad\u00a0 En NOVASPACE PROMO, S.L. (en adelante \u201cla Empresa\u201d o \u201cNOVASPACE PROMO\u201d), nos comprometemos a proteger la privacidad de nuestros usuarios y a garantizar un tratamiento transparente y seguro de los datos personales conforme a la legislaci\u00f3n vigente en materia de protecci\u00f3n de datos.1. Responsable del tratamientoNOVASPACE PROMO, S.L.CIF: ESB64256399Domicilio: CL LLULL [&hellip;]<\/p>\n","protected":false},"author":1,"featured_media":0,"parent":0,"menu_order":0,"comment_status":"closed","ping_status":"closed","template":"","meta":[],"class_list":["post-541","page","type-page","status-publish","hentry"],"_links":{"self":[{"href":"https:\/\/lesentitats1.gruporeunion.es\/de\/wp-json\/wp\/v2\/pages\/541","targetHints":{"allow":["GET"]}}],"collection":[{"href":"https:\/\/lesentitats1.gruporeunion.es\/de\/wp-json\/wp\/v2\/pages"}],"about":[{"href":"https:\/\/lesentitats1.gruporeunion.es\/de\/wp-json\/wp\/v2\/types\/page"}],"author":[{"embeddable":true,"href":"https:\/\/lesentitats1.gruporeunion.es\/de\/wp-json\/wp\/v2\/users\/1"}],"replies":[{"embeddable":true,"href":"https:\/\/lesentitats1.gruporeunion.es\/de\/wp-json\/wp\/v2\/comments?post=541"}],"version-history":[{"count":0,"href":"https:\/\/lesentitats1.gruporeunion.es\/de\/wp-json\/wp\/v2\/pages\/541\/revisions"}],"wp:attachment":[{"href":"https:\/\/lesentitats1.gruporeunion.es\/de\/wp-json\/wp\/v2\/media?parent=541"}],"curies":[{"name":"wp","href":"https:\/\/api.w.org\/{rel}","templated":true}]}}