{"id":541,"date":"2025-12-15T18:31:58","date_gmt":"2025-12-15T18:31:58","guid":{"rendered":"https:\/\/lesentitats1.gruporeunion.es\/?page_id=541"},"modified":"2026-01-06T08:00:56","modified_gmt":"2026-01-06T08:00:56","slug":"privatlivspolitik","status":"publish","type":"page","link":"https:\/\/lesentitats1.gruporeunion.es\/da\/politica-de-privacidad\/","title":{"rendered":"Privatlivspolitik\u00a0"},"content":{"rendered":"<div data-elementor-type=\"wp-page\" data-elementor-id=\"541\" class=\"elementor elementor-541\" data-elementor-post-type=\"page\">\n\t\t\t\t<div class=\"elementor-element elementor-element-af96a39 section-l-left-right section-l-top-bottom  e-flex e-con-boxed e-con e-parent\" data-id=\"af96a39\" data-element_type=\"container\" data-e-type=\"container\">\n\t\t\t\t\t<div class=\"e-con-inner\">\n\t\t\t\t<div class=\"elementor-element elementor-element-2926558 elementor-widget elementor-widget-heading\" data-id=\"2926558\" data-element_type=\"widget\" data-e-type=\"widget\" data-widget_type=\"heading.default\">\n\t\t\t\t\t<h1 class=\"elementor-heading-title elementor-size-default\">Privatlivspolitik\u00a0<\/h1>\t\t\t\t<\/div>\n\t\t\t\t<div class=\"elementor-element elementor-element-d3405ff elementor-widget elementor-widget-text-editor\" data-id=\"d3405ff\" data-element_type=\"widget\" data-e-type=\"widget\" data-widget_type=\"text-editor.default\">\n\t\t\t\t\t\t\t\t\t<p>Privatlivspolitik\u00a0<\/p><p>Hos NOVASPACE PROMO, S.L. (herefter ben\u00e6vnt \u201cVirksomheden\u201d eller \u201cNOVASPACE PROMO\u201d) forpligter vi os til at beskytte brugernes privatliv og sikre en gennemsigtig, sikker og lovlig behandling af personoplysninger i overensstemmelse med g\u00e6ldende databeskyttelseslovgivning.<br \/>1. Dataansvarlig<br \/>NOVASPACE PROMO, S.L.<br \/>CIF: B64256399<br \/>Forretningsadresse: C\/ Llull, 240, 4\u00ba 2\u00aa, 08005 Barcelona, Spanien<br \/>Kontakt-e-mail: info@gruporeunion.es<br \/>2. Form\u00e5l med behandlingen af personoplysninger<br \/>Personoplysninger, som brugerne afgiver via formularerne p\u00e5 dette website, behandles til f\u00f8lgende form\u00e5l:<br \/>\u2022 at h\u00e5ndtere henvendelser, foresp\u00f8rgsler og meddelelser modtaget via websiteformularerne<br \/>\u2022 at give kommercielle oplysninger om NOVASPACE PROMO\u2019s ejendomsprojekter, produkter og tjenester relateret til b\u00e6redygtig arkitektur og energieffektive boliger<br \/>\u2022 at administrere kontraktuelle eller pr\u00e6kontraktuelle relationer med kunder eller interesserede parter<br \/>\u2022 at opfylde retlige forpligtelser, som p\u00e5hviler Virksomheden<br \/>Personoplysninger opbevares kun i den periode, der er n\u00f8dvendig for at opfylde de ovenn\u00e6vnte form\u00e5l, og herefter i overensstemmelse med lovpligtige opbevaringsperioder.<br \/>3. Retsgrundlag for behandlingen<br \/>Behandlingen af personoplysninger sker p\u00e5 grundlag af \u00e9t eller flere af f\u00f8lgende retsgrundlag:<br \/>\u2022 brugerens samtykke, givet ved indsendelse af en formular eller elektronisk kommunikation<br \/>\u2022 n\u00f8dvendigheden af at opfylde en aftale eller gennemf\u00f8re pr\u00e6kontraktuelle foranstaltninger, n\u00e5r henvendelsen vedr\u00f8rer k\u00f8b af bolig eller andre tjenester udbudt af NOVASPACE PROMO<br \/>\u2022 opfyldelse af retlige forpligtelser i henhold til g\u00e6ldende lovgivning<br \/>Brugeren kan til enhver tid tr\u00e6kke sit samtykke tilbage. Tilbagetr\u00e6kning p\u00e5virker ikke lovligheden af behandling, der allerede er foretaget.<br \/>4. Modtagere af personoplysninger<br \/>Personoplysninger videregives ikke til tredjemand, medmindre dette er p\u00e5kr\u00e6vet ved lov eller n\u00f8dvendigt for korrekt levering af de \u00f8nskede tjenester, herunder skattem\u00e6ssige, IT- eller finansielle tjenester. I s\u00e5danne tilf\u00e6lde indg\u00e5s de n\u00f8dvendige fortroligheds- og databehandleraftaler i overensstemmelse med databeskyttelsesforordningen (GDPR).<br \/>Der foretages ingen overf\u00f8rsel af personoplysninger til lande uden for Det Europ\u00e6iske \u00d8konomiske Samarbejdsomr\u00e5de (E\u00d8S).<br \/>5. Brugerens rettigheder<br \/>Brugeren har til enhver tid ret til at ud\u00f8ve f\u00f8lgende rettigheder:<br \/>\u2022 ret til indsigt i egne personoplysninger<br \/>\u2022 ret til berigtigelse af urigtige eller ufuldst\u00e6ndige oplysninger<br \/>\u2022 ret til sletning af oplysninger (\u201cretten til at blive glemt\u201d), n\u00e5r de ikke l\u00e6ngere er n\u00f8dvendige<br \/>\u2022 ret til indsigelse mod behandling af personoplysninger<br \/>\u2022 ret til begr\u00e6nsning af behandlingen i lovbestemte tilf\u00e6lde<br \/>\u2022 ret til dataportabilitet<br \/>For at ud\u00f8ve disse rettigheder kan brugeren sende en skriftlig anmodning, vedlagt kopi af gyldig legitimation, til info@gruporeunion.es, eller pr. post til:<br \/>NOVASPACE PROMO, S.L., C\/ Llull, 240, 4\u00ba 2\u00aa, 08005 Barcelona, Spanien<br \/>Brugeren har desuden ret til at indgive klage til Agencia Espa\u00f1ola de Protecci\u00f3n de Datos (AEPD), hvis vedkommende mener, at behandlingen af personoplysninger ikke er i overensstemmelse med g\u00e6ldende regler.<br \/>6. Sikkerhedsforanstaltninger<br \/>NOVASPACE PROMO anvender passende tekniske og organisatoriske foranstaltninger for at sikre fortrolighed, integritet og tilg\u00e6ngelighed af personoplysninger samt for at forhindre tab, \u00e6ndring, uautoriseret behandling eller uautoriseret adgang under hensyntagen til den teknologiske udvikling, datatyper og tilknyttede risici.<br \/>7. Oplysningernes rigtighed<br \/>Brugeren garanterer, at de afgivne personoplysninger er korrekte, fuldst\u00e6ndige og opdaterede, og forpligter sig til at informere Virksomheden om eventuelle \u00e6ndringer. NOVASPACE PROMO er ikke ansvarlig for konsekvenser, der opst\u00e5r som f\u00f8lge af urigtige eller mangelfulde oplysninger.<br \/>8. Informations- og markedsf\u00f8ringskommunikation<br \/>Hvis brugeren har givet udtrykkeligt samtykke, kan NOVASPACE PROMO sende informations- og markedsf\u00f8ringskommunikation om sine projekter, tilbud og nyheder inden for b\u00e6redygtigt byggeri og energieffektive boliger.<br \/>Brugeren kan til enhver tid tr\u00e6kke samtykket tilbage ved at benytte afmeldingslinket i hver meddelelse eller ved at kontakte info@novaspace.promo.<br \/>9. Mindre\u00e5rige<br \/>NOVASPACE PROMO indsamler ikke bevidst personoplysninger om personer under 14 \u00e5r. Hvis s\u00e5danne oplysninger identificeres, slettes de straks.<br \/>10. \u00c6ndringer af privatlivspolitikken<br \/>NOVASPACE PROMO, S.L. forbeholder sig retten til at \u00e6ndre eller opdatere denne Privatlivspolitik for at tilpasse den til \u00e6ndringer i lovgivning eller tekniske krav. Den g\u00e6ldende version vil til enhver tid v\u00e6re tilg\u00e6ngelig p\u00e5 dette website med angivelse af dato for seneste opdatering.<br \/>NOVASPACE PROMO, S.L.<br \/>Forpligtet til gennemsigtighed, b\u00e6redygtighed og beskyttelse af dit privatliv.<\/p>\t\t\t\t\t\t\t\t<\/div>\n\t\t<div class=\"elementor-element elementor-element-fb2eeed e-con-full e-flex e-con e-child\" data-id=\"fb2eeed\" data-element_type=\"container\" data-e-type=\"container\">\n\t\t\t\t<div class=\"elementor-element elementor-element-a819790 elementor-widget__width-auto elementor-widget elementor-widget-button\" data-id=\"a819790\" data-element_type=\"widget\" data-e-type=\"widget\" data-widget_type=\"button.default\">\n\t\t\t\t\t\t\t\t\t\t<a class=\"elementor-button elementor-button-link elementor-size-sm elementor-animation-grow\" href=\"https:\/\/lesentitats1.gruporeunion.es\/da\">\n\t\t\t\t\t\t<span class=\"elementor-button-content-wrapper\">\n\t\t\t\t\t\t\t\t\t<span class=\"elementor-button-text\">TILBAGE TIL STARTSIDEN<\/span>\n\t\t\t\t\t<\/span>\n\t\t\t\t\t<\/a>\n\t\t\t\t\t\t\t\t<\/div>\n\t\t\t\t<div class=\"elementor-element elementor-element-c8d9eb3 elementor-widget__width-auto elementor-widget elementor-widget-button\" data-id=\"c8d9eb3\" data-element_type=\"widget\" data-e-type=\"widget\" data-widget_type=\"button.default\">\n\t\t\t\t\t\t\t\t\t\t<a class=\"elementor-button elementor-button-link elementor-size-sm elementor-animation-grow\" href=\"https:\/\/lesentitats1.gruporeunion.es\/da\/la-quiero-conocer\/\">\n\t\t\t\t\t\t<span class=\"elementor-button-content-wrapper\">\n\t\t\t\t\t\t\t\t\t<span class=\"elementor-button-text\">JEG VIL VIDE MERE<\/span>\n\t\t\t\t\t<\/span>\n\t\t\t\t\t<\/a>\n\t\t\t\t\t\t\t\t<\/div>\n\t\t\t\t<\/div>\n\t\t\t\t\t<\/div>\n\t\t\t\t<\/div>\n\t\t\t\t<\/div>","protected":false},"excerpt":{"rendered":"<p>Pol\u00edtica\u00a0De Privacidad\u00a0 Pol\u00edtica\u00a0de privacidad\u00a0 En NOVASPACE PROMO, S.L. (en adelante \u201cla Empresa\u201d o \u201cNOVASPACE PROMO\u201d), nos comprometemos a proteger la privacidad de nuestros usuarios y a garantizar un tratamiento transparente y seguro de los datos personales conforme a la legislaci\u00f3n vigente en materia de protecci\u00f3n de datos.1. Responsable del tratamientoNOVASPACE PROMO, S.L.CIF: ESB64256399Domicilio: CL LLULL [&hellip;]<\/p>\n","protected":false},"author":1,"featured_media":0,"parent":0,"menu_order":0,"comment_status":"closed","ping_status":"closed","template":"","meta":[],"class_list":["post-541","page","type-page","status-publish","hentry"],"_links":{"self":[{"href":"https:\/\/lesentitats1.gruporeunion.es\/da\/wp-json\/wp\/v2\/pages\/541","targetHints":{"allow":["GET"]}}],"collection":[{"href":"https:\/\/lesentitats1.gruporeunion.es\/da\/wp-json\/wp\/v2\/pages"}],"about":[{"href":"https:\/\/lesentitats1.gruporeunion.es\/da\/wp-json\/wp\/v2\/types\/page"}],"author":[{"embeddable":true,"href":"https:\/\/lesentitats1.gruporeunion.es\/da\/wp-json\/wp\/v2\/users\/1"}],"replies":[{"embeddable":true,"href":"https:\/\/lesentitats1.gruporeunion.es\/da\/wp-json\/wp\/v2\/comments?post=541"}],"version-history":[{"count":0,"href":"https:\/\/lesentitats1.gruporeunion.es\/da\/wp-json\/wp\/v2\/pages\/541\/revisions"}],"wp:attachment":[{"href":"https:\/\/lesentitats1.gruporeunion.es\/da\/wp-json\/wp\/v2\/media?parent=541"}],"curies":[{"name":"wp","href":"https:\/\/api.w.org\/{rel}","templated":true}]}}