{"id":541,"date":"2025-12-15T18:31:58","date_gmt":"2025-12-15T18:31:58","guid":{"rendered":"https:\/\/lesentitats1.gruporeunion.es\/?page_id=541"},"modified":"2026-01-06T08:00:56","modified_gmt":"2026-01-06T08:00:56","slug":"politica-de-privacitat","status":"publish","type":"page","link":"https:\/\/lesentitats1.gruporeunion.es\/ca\/politica-de-privacidad\/","title":{"rendered":"Pol\u00edtica de privacitat\u00a0"},"content":{"rendered":"<div data-elementor-type=\"wp-page\" data-elementor-id=\"541\" class=\"elementor elementor-541\" data-elementor-post-type=\"page\">\n\t\t\t\t<div class=\"elementor-element elementor-element-af96a39 section-l-left-right section-l-top-bottom  e-flex e-con-boxed e-con e-parent\" data-id=\"af96a39\" data-element_type=\"container\" data-e-type=\"container\">\n\t\t\t\t\t<div class=\"e-con-inner\">\n\t\t\t\t<div class=\"elementor-element elementor-element-2926558 elementor-widget elementor-widget-heading\" data-id=\"2926558\" data-element_type=\"widget\" data-e-type=\"widget\" data-widget_type=\"heading.default\">\n\t\t\t\t\t<h1 class=\"elementor-heading-title elementor-size-default\">Pol\u00edtica de privacitat\u00a0<\/h1>\t\t\t\t<\/div>\n\t\t\t\t<div class=\"elementor-element elementor-element-d3405ff elementor-widget elementor-widget-text-editor\" data-id=\"d3405ff\" data-element_type=\"widget\" data-e-type=\"widget\" data-widget_type=\"text-editor.default\">\n\t\t\t\t\t\t\t\t\t<p>Pol\u00edtica de privacitat\u00a0<\/p><p>A NOVASPACE PROMO, S.L. (d\u2019ara endavant, \u201cl\u2019Empresa\u201d o \u201cNOVASPACE PROMO\u201d), ens comprometem a protegir la privacitat de les persones usu\u00e0ries i a garantir un tractament transparent, segur i conforme a la legislaci\u00f3 vigent en mat\u00e8ria de protecci\u00f3 de dades personals.<br \/>1. Responsable del tractament<br \/>NOVASPACE PROMO, S.L.<br \/>CIF: B64256399<br \/>Domicili social: C\/ Llull, 240, 4t 2a, 08005 Barcelona, Espanya<br \/>Correu electr\u00f2nic de contacte: info@gruporeunion.es<br \/>2. Finalitat del tractament de les dades<br \/>Les dades personals facilitades a trav\u00e9s dels formularis d\u2019aquest lloc web seran tractades amb les finalitats seg\u00fcents:<br \/>\u2022 Gestionar les consultes, sol\u00b7licituds d\u2019informaci\u00f3 o comunicacions rebudes a trav\u00e9s dels formularis del lloc web.<br \/>\u2022 Facilitar informaci\u00f3 comercial sobre els projectes immobiliaris, productes i serveis de NOVASPACE PROMO relacionats amb l\u2019arquitectura sostenible i l\u2019efici\u00e8ncia energ\u00e8tica.<br \/>\u2022 Gestionar les relacions contractuals o precontractuals amb clients, prove\u00efdors o persones interessades.<br \/>\u2022 Complir les obligacions legals aplicables a l\u2019Empresa.<br \/>Les dades personals es conservaran durant el temps necessari per complir la finalitat per a la qual van ser recollides i, si escau, durant els terminis legalment establerts.<br \/>3. Base jur\u00eddica del tractament<br \/>El tractament de les dades personals es fonamenta en:<br \/>\u2022 El consentiment de la persona interessada, prestat mitjan\u00e7ant l\u2019enviament d\u2019un formulari o una comunicaci\u00f3 electr\u00f2nica.<br \/>\u2022 L\u2019execuci\u00f3 d\u2019un contracte o l\u2019aplicaci\u00f3 de mesures precontractuals, quan la sol\u00b7licitud estigui relacionada amb l\u2019adquisici\u00f3 d\u2019un habitatge o amb altres serveis oferts per NOVASPACE PROMO.<br \/>\u2022 El compliment d\u2019obligacions legals aplicables a l\u2019Empresa.<br \/>La persona usu\u00e0ria pot retirar el seu consentiment en qualsevol moment, sense que aix\u00f2 afecti la licitud del tractament realitzat amb anterioritat.<br \/>4. Destinataris de les dades<br \/>Les dades personals no es comunicaran a tercers, excepte quan existeixi una obligaci\u00f3 legal o quan sigui necessari per a la correcta prestaci\u00f3 dels serveis sol\u00b7licitats, com ara serveis d\u2019assessorament fiscal, inform\u00e0tic o financer, amb els quals s\u2019hagin formalitzat els corresponents contractes de confidencialitat i tractament de dades d\u2019acord amb el Reglament General de Protecci\u00f3 de Dades (RGPD).<br \/>No es realitzaran transfer\u00e8ncies internacionals de dades fora de l\u2019Espai Econ\u00f2mic Europeu.<br \/>5. Drets de les persones interessades<br \/>La persona usu\u00e0ria pot exercir en qualsevol moment els drets seg\u00fcents:<br \/>\u2022 Dret d\u2019acc\u00e9s a les seves dades personals.<br \/>\u2022 Dret de rectificaci\u00f3 de les dades inexactes o incompletes.<br \/>\u2022 Dret de supressi\u00f3 de les dades (\u201cdret a l\u2019oblit\u201d) quan ja no siguin necess\u00e0ries.<br \/>\u2022 Dret d\u2019oposici\u00f3 al tractament de les dades personals.<br \/>\u2022 Dret a la limitaci\u00f3 del tractament en els sup\u00f2sits legalment previstos.<br \/>\u2022 Dret a la portabilitat de les dades.<br \/>Per exercir aquests drets, la persona interessada pot enviar una sol\u00b7licitud escrita, acompanyada d\u2019una c\u00f2pia d\u2019un document identificatiu, al correu electr\u00f2nic info@gruporeunion.es o b\u00e9 per correu postal a:<br \/>NOVASPACE PROMO, S.L., C\/ Llull, 240, 4t 2a, 08005 Barcelona, Espanya<br \/>Aix\u00ed mateix, la persona usu\u00e0ria t\u00e9 dret a presentar una reclamaci\u00f3 davant l\u2019Ag\u00e8ncia Espanyola de Protecci\u00f3 de Dades (AEPD) si considera que s\u2019ha vulnerat el seu dret a la protecci\u00f3 de dades personals.<br \/>6. Mesures de seguretat<br \/>NOVASPACE PROMO aplica les mesures t\u00e8cniques i organitzatives adequades per garantir la confidencialitat, la integritat i la disponibilitat de les dades personals, i per prevenir-ne la p\u00e8rdua, alteraci\u00f3, tractament indegut o acc\u00e9s no autoritzat, d\u2019acord amb l\u2019estat de la tecnologia, la naturalesa de les dades i els riscos associats.<br \/>7. Veracitat de les dades<br \/>La persona usu\u00e0ria garanteix que les dades personals facilitades s\u00f3n veraces, exactes i actualitzades, i es compromet a comunicar qualsevol modificaci\u00f3. NOVASPACE PROMO no es fa responsable dels danys o perjudicis derivats de la inexactitud o falsedat de la informaci\u00f3 proporcionada.<br \/>8. Comunicacions comercials<br \/>Quan la persona usu\u00e0ria hagi prestat el seu consentiment expr\u00e9s, NOVASPACE PROMO podr\u00e0 enviar comunicacions informatives i comercials relacionades amb els seus projectes, promocions i novetats en l\u2019\u00e0mbit de l\u2019habitatge sostenible i l\u2019efici\u00e8ncia energ\u00e8tica.<br \/>La persona usu\u00e0ria pot revocar aquest consentiment en qualsevol moment mitjan\u00e7ant l\u2019enlla\u00e7 incl\u00f2s en cada comunicaci\u00f3 o escrivint a info@novaspace.promo.<br \/>9. Menors d\u2019edat<br \/>NOVASPACE PROMO no recull intencionadament dades personals de menors de 14 anys. En cas que es detecti la recollida d\u2019aquestes dades, seran eliminades immediatament.<br \/>10. Modificacions de la pol\u00edtica de privacitat<br \/>NOVASPACE PROMO, S.L. es reserva el dret de modificar aquesta Pol\u00edtica de privacitat per adaptar-la a canvis legislatius o t\u00e8cnics. La versi\u00f3 vigent es publicar\u00e0 en aquest mateix lloc web amb indicaci\u00f3 de la data de la darrera actualitzaci\u00f3.<br \/>NOVASPACE PROMO, S.L.<br \/>Compromesos amb la transpar\u00e8ncia, la sostenibilitat i la protecci\u00f3 de la vostra privacitat.<\/p>\t\t\t\t\t\t\t\t<\/div>\n\t\t<div class=\"elementor-element elementor-element-fb2eeed e-con-full e-flex e-con e-child\" data-id=\"fb2eeed\" data-element_type=\"container\" data-e-type=\"container\">\n\t\t\t\t<div class=\"elementor-element elementor-element-a819790 elementor-widget__width-auto elementor-widget elementor-widget-button\" data-id=\"a819790\" data-element_type=\"widget\" data-e-type=\"widget\" data-widget_type=\"button.default\">\n\t\t\t\t\t\t\t\t\t\t<a class=\"elementor-button elementor-button-link elementor-size-sm elementor-animation-grow\" href=\"https:\/\/lesentitats1.gruporeunion.es\/ca\">\n\t\t\t\t\t\t<span class=\"elementor-button-content-wrapper\">\n\t\t\t\t\t\t\t\t\t<span class=\"elementor-button-text\">TORNAR A LA P\u00c0GINA D\u2019INICI<\/span>\n\t\t\t\t\t<\/span>\n\t\t\t\t\t<\/a>\n\t\t\t\t\t\t\t\t<\/div>\n\t\t\t\t<div class=\"elementor-element elementor-element-c8d9eb3 elementor-widget__width-auto elementor-widget elementor-widget-button\" data-id=\"c8d9eb3\" data-element_type=\"widget\" data-e-type=\"widget\" data-widget_type=\"button.default\">\n\t\t\t\t\t\t\t\t\t\t<a class=\"elementor-button elementor-button-link elementor-size-sm elementor-animation-grow\" href=\"https:\/\/lesentitats1.gruporeunion.es\/ca\/la-quiero-conocer\/\">\n\t\t\t\t\t\t<span class=\"elementor-button-content-wrapper\">\n\t\t\t\t\t\t\t\t\t<span class=\"elementor-button-text\">VULL CON\u00c8IXER-LA<\/span>\n\t\t\t\t\t<\/span>\n\t\t\t\t\t<\/a>\n\t\t\t\t\t\t\t\t<\/div>\n\t\t\t\t<\/div>\n\t\t\t\t\t<\/div>\n\t\t\t\t<\/div>\n\t\t\t\t<\/div>","protected":false},"excerpt":{"rendered":"<p>Pol\u00edtica\u00a0De Privacidad\u00a0 Pol\u00edtica\u00a0de privacidad\u00a0 En NOVASPACE PROMO, S.L. (en adelante \u201cla Empresa\u201d o \u201cNOVASPACE PROMO\u201d), nos comprometemos a proteger la privacidad de nuestros usuarios y a garantizar un tratamiento transparente y seguro de los datos personales conforme a la legislaci\u00f3n vigente en materia de protecci\u00f3n de datos.1. Responsable del tratamientoNOVASPACE PROMO, S.L.CIF: ESB64256399Domicilio: CL LLULL [&hellip;]<\/p>\n","protected":false},"author":1,"featured_media":0,"parent":0,"menu_order":0,"comment_status":"closed","ping_status":"closed","template":"","meta":[],"class_list":["post-541","page","type-page","status-publish","hentry"],"_links":{"self":[{"href":"https:\/\/lesentitats1.gruporeunion.es\/ca\/wp-json\/wp\/v2\/pages\/541","targetHints":{"allow":["GET"]}}],"collection":[{"href":"https:\/\/lesentitats1.gruporeunion.es\/ca\/wp-json\/wp\/v2\/pages"}],"about":[{"href":"https:\/\/lesentitats1.gruporeunion.es\/ca\/wp-json\/wp\/v2\/types\/page"}],"author":[{"embeddable":true,"href":"https:\/\/lesentitats1.gruporeunion.es\/ca\/wp-json\/wp\/v2\/users\/1"}],"replies":[{"embeddable":true,"href":"https:\/\/lesentitats1.gruporeunion.es\/ca\/wp-json\/wp\/v2\/comments?post=541"}],"version-history":[{"count":0,"href":"https:\/\/lesentitats1.gruporeunion.es\/ca\/wp-json\/wp\/v2\/pages\/541\/revisions"}],"wp:attachment":[{"href":"https:\/\/lesentitats1.gruporeunion.es\/ca\/wp-json\/wp\/v2\/media?parent=541"}],"curies":[{"name":"wp","href":"https:\/\/api.w.org\/{rel}","templated":true}]}}